{"id":230,"date":"2015-04-07T12:13:24","date_gmt":"2015-04-07T10:13:24","guid":{"rendered":"http:\/\/sturmvogel-essen.de\/wp\/?page_id=230"},"modified":"2023-08-20T17:09:39","modified_gmt":"2023-08-20T15:09:39","slug":"geschichte","status":"publish","type":"page","link":"https:\/\/sturmvogel-essen.de\/wp\/start_index.php\/?page_id=230","title":{"rendered":"Geschichte"},"content":{"rendered":"<h1 class=\"entry-title\"><span style=\"font-family: helvetica; font-size: 28px;\">Radsportverein RV Sturmvogel Essen e. V.<\/span><\/h1>\n<p>&nbsp;<\/p>\n<div class=\"entry-content\">\n<h2><span style=\"font-family: helvetica; font-size: 18px;\">Essener Verein f\u00fcr Radsportler<\/span><\/h2>\n<p><span style=\"font-family: helvetica; font-size: 18px;\">Die Geschichte des <strong>RV Sturmvogel Essen e. V.<\/strong> geht in das Gr\u00fcndungsjahr 1919 zur\u00fcck als sich der Radsport durch die gro\u00dfen Touren zu einer sehr beliebten Sportart entwickelte. Vereinsanliegen war es, den interessierten Menschen das Aus\u00fcben ihrer neu entdeckten Leidenschaft zu erm\u00f6glichen: Rennen aktiv mitgestalten und selbst tatkr\u00e4ftig in die Pedale treten. Dem <strong>Radsportverein Essen<\/strong> gelang es, das Vereinsanliegen in die Tat umzusetzen.<\/span><\/p>\n<p>&nbsp;<\/p>\n<figure id=\"attachment_20\" class=\"wp-caption alignnone\"><span style=\"font-family: helvetica; font-size: 18px;\"><a href=\"http:\/\/radsport-deutschland.de\/wp-content\/uploads\/2012\/03\/RV-Sturmvogel-Essen-e.-V.jpg\"><img loading=\"lazy\" decoding=\"async\" class=\" wp-image-20\" src=\"http:\/\/radsport-deutschland.de\/wp-content\/uploads\/2012\/03\/RV-Sturmvogel-Essen-e.-V-300x195.jpg\" alt=\"RV Sturmvogel Essen e. V\" width=\"204\" height=\"133\"><\/a><\/span><figcaption class=\"wp-caption-text\">&nbsp;<\/figcaption><span style=\"font-family: helvetica; font-size: 18px; color: #333333;\"><strong>Wiederaufbelebung in den 1980ern<\/strong><\/span><\/figure>\n<\/div>\n<p><span style=\"font-family: helvetica; font-size: 18px;\">Nach einer 15-j\u00e4hrigen Durststrecke entschloss sich der <strong>Verein RV Sturmvogel Essen e. V.<\/strong>, seine Vereinsaktivit\u00e4ten seit dem 25.11.1087 wieder verst\u00e4rkt aufzunehmen. Der traditionsreiche Verein wurde wieder aufgelebt und mit 39 tatkr\u00e4ftigen Mitgliedern wurde motiviert und erneut durchgestartet. Der wiederbelebte RV Sturmvogel Essen e. V. erhielt dabei die Unterst\u00fctzung und <strong>mehrj\u00e4hrige Erfahrung&nbsp; der Gr\u00fcndungsmitglieder<\/strong>, die zum Teil auch heute noch aktiv sind.<\/span><\/p>\n<div class=\"entry-content\">\n<h2><span style=\"font-family: helvetica; font-size: 18px;\"><strong>Fokus auf Jugendradsport<\/strong><\/span><\/h2>\n<p><span style=\"font-family: helvetica; font-size: 18px;\">Seit 1987, dem Jahr der Wiederaufbelebung engagiert sich der <a href=\"http:\/\/www.sturmvogel-essen.de\/\" target=\"_blank\" rel=\"noopener\">RV Sturmvogel Essen e. V.<\/a> haupts\u00e4chlich dem Jugendradsport, der seit den sp\u00e4ten 1980er Jahren verst\u00e4rkt aufgebaut wird. Immer im gesamten<strong>Essener Stadtgebiet<\/strong> auf der Suche nach attraktiven Touren gelang es dem Radsportverein Essen, dieses Anliegen gut umzusetzen. Nur ein Jahr sp\u00e4ter, n\u00e4mlich 1988 war der <strong>RV Sturmvogel Essen e. V. Organisator des ersten Rennens<\/strong>, das mit reger Begeisterung des Publikums verfolgt wurde. Der einstige Sieger der Jugendklasse, Torsten Schmidt, f\u00e4hrt heute als Profi bei dem GS II <a href=\"http:\/\/www.gerolsteiner.de\/index.php?id=team-gerolsteiner\" target=\"_blank\" rel=\"noopener\">Team Gerolsteiner<\/a><\/span><\/p>\n<h2><span style=\"font-family: helvetica; font-size: 18px;\"><strong>Radsport braucht Unterst\u00fctzer<\/strong><\/span><\/h2>\n<p><span style=\"font-family: helvetica; font-size: 18px;\">Den meisten Aktivsportlern des RV Sturmvogel Essen e. V. war das Gl\u00fcck, das erste Rennen bis zum Schluss mitfahren zu k\u00f6nnen, nicht allzu hold. Es fehlte schlicht an zuverl\u00e4ssigem Material, was sich auch nach 1988 anhaltend zeigte. Zwar war das Interesse des Publikums nach wie vor ungebrochen ebenso wie das der Mitglieder, jedoch geht es, wie es leider oft der Fall ist auch beim Sturmvogel nicht ohne den unerm\u00fcdlichen Einsatz der Mitglieder. Der Radsport ist eine finanziell nicht unerhebliche Sportart und so war es dem Verein nur mit Hilfe von gro\u00dfen Spenden einiger Mitglieder m\u00f6glich, die Haushaltsdefizite des RV Sturmvogel Essen e. V. etwas auszugleichen.<\/span><\/p>\n<p><span style=\"font-family: helvetica; font-size: 18px;\">Dieses Engagement sollte nicht umsonst sein, wenngleich auch die vielen neuen Mitglieder, die bis zu 1991 hinzugewonnen wurden, nicht in ebenso gro\u00dfer Zahl gehalten werden konnten. <strong>Radsport im Verein<\/strong> erfordert einen <strong>hohen Trainingsaufwand<\/strong>, weshalb andere Sportarten, die weniger intensiv betrieben werden, letztlich von vielen bevorzugt werden. Somit sollte der <strong>Schwerpunkt des RV Sturmvogel Essen e. V.<\/strong> k\u00fcnftig auf der <strong>Radtouristik<\/strong> liegen, die nicht mit weniger Herzblut organisiert wurde. Dennoch engagiert sich der Verein nach wie vor auch dem <strong>Jugendsport<\/strong> und bietet regelm\u00e4\u00dfige Trainings, Rennen und F\u00f6rderung an. Der <strong>Radsportverein Essen<\/strong> nimmt sich inzwischen wieder in sehr engagierter Weise den jugendlichen Sportlern an und f\u00f6rdert auch schon die kleinen Radsportler.<br \/>\n<\/span><\/p>\n<\/div>\n","protected":false},"excerpt":{"rendered":"<p>Radsportverein RV Sturmvogel Essen e. V. &nbsp; Essener Verein f\u00fcr Radsportler Die Geschichte des RV Sturmvogel Essen e. V. geht in das Gr\u00fcndungsjahr 1919 zur\u00fcck als sich der Radsport durch die gro\u00dfen Touren zu einer sehr beliebten Sportart entwickelte. Vereinsanliegen war es, den interessierten Menschen das Aus\u00fcben ihrer neu entdeckten Leidenschaft zu erm\u00f6glichen: Rennen aktiv [&hellip;]<\/p>\n","protected":false},"author":1,"featured_media":0,"parent":102,"menu_order":5,"comment_status":"closed","ping_status":"closed","template":"","meta":{"ngg_post_thumbnail":0,"footnotes":""},"class_list":["post-230","page","type-page","status-publish","hentry"],"_links":{"self":[{"href":"https:\/\/sturmvogel-essen.de\/wp\/start_index.php\/index.php?rest_route=\/wp\/v2\/pages\/230","targetHints":{"allow":["GET"]}}],"collection":[{"href":"https:\/\/sturmvogel-essen.de\/wp\/start_index.php\/index.php?rest_route=\/wp\/v2\/pages"}],"about":[{"href":"https:\/\/sturmvogel-essen.de\/wp\/start_index.php\/index.php?rest_route=\/wp\/v2\/types\/page"}],"author":[{"embeddable":true,"href":"https:\/\/sturmvogel-essen.de\/wp\/start_index.php\/index.php?rest_route=\/wp\/v2\/users\/1"}],"replies":[{"embeddable":true,"href":"https:\/\/sturmvogel-essen.de\/wp\/start_index.php\/index.php?rest_route=%2Fwp%2Fv2%2Fcomments&post=230"}],"version-history":[{"count":6,"href":"https:\/\/sturmvogel-essen.de\/wp\/start_index.php\/index.php?rest_route=\/wp\/v2\/pages\/230\/revisions"}],"predecessor-version":[{"id":2129,"href":"https:\/\/sturmvogel-essen.de\/wp\/start_index.php\/index.php?rest_route=\/wp\/v2\/pages\/230\/revisions\/2129"}],"up":[{"embeddable":true,"href":"https:\/\/sturmvogel-essen.de\/wp\/start_index.php\/index.php?rest_route=\/wp\/v2\/pages\/102"}],"wp:attachment":[{"href":"https:\/\/sturmvogel-essen.de\/wp\/start_index.php\/index.php?rest_route=%2Fwp%2Fv2%2Fmedia&parent=230"}],"curies":[{"name":"wp","href":"https:\/\/api.w.org\/{rel}","templated":true}]}}