{"id":106,"date":"2015-04-02T12:24:19","date_gmt":"2015-04-02T10:24:19","guid":{"rendered":"http:\/\/sturmvogel-essen.de\/wp\/?page_id=106"},"modified":"2025-06-01T22:27:14","modified_gmt":"2025-06-01T20:27:14","slug":"verein2","status":"publish","type":"page","link":"https:\/\/sturmvogel-essen.de\/wp\/start_index.php\/?page_id=106","title":{"rendered":"Anmeldung"},"content":{"rendered":"<h2><span style=\"font-family: helvetica; font-size: 28px;\"><strong>Ja, ich will!<\/strong><\/span><\/h2>\n<p><span style=\"font-family: helvetica; font-size: 18px;\">Warum einem Verein beitreten?<\/span><\/p>\n<p><span style=\"font-family: helvetica; font-size: 18px;\">1. Man lernt neue Freunde kennen<\/span><\/p>\n<p><span style=\"font-family: helvetica; font-size: 18px;\">2. Man bleibt fit und gesund!<\/span><\/p>\n<p><span style=\"font-family: helvetica; font-size: 18px;\">3. Man lernt mit Druck umzugehen<\/span><\/p>\n<p><span style=\"font-family: helvetica; font-size: 18px;\">4. Der sportliche Erfolg<\/span><\/p>\n<p><span style=\"font-family: helvetica; font-size: 18px;\">5. Vorteile im Berufsleben<\/span><\/p>\n<p><span style=\"font-family: helvetica; font-size: 18px;\">6. zus\u00e4tzlicher Versicherungsschutz<\/span><\/p>\n<div class=\"entry-content\">&nbsp;<\/div>\n<p><span style=\"font-family: helvetica; font-size: 28px;\"><strong>Mitglied im Verein werden<\/strong><\/span><\/p>\n<p><span style=\"font-family: helvetica; font-size: 18px;\">Hallo Radsportfreunde,<\/span><br \/>\n<span style=\"font-family: helvetica; font-size: 18px;\">einem Verein beitreten&#8230;. was bedeutet das f\u00fcr dich?<\/span><\/p>\n<p><span style=\"font-family: helvetica; font-size: 18px;\">Erst einmal nicht viel, au\u00dfer der Nutzung der vereinseigenen Freizeitangebote und ein wenig pers\u00f6nlichem Einsatz.<\/span><\/p>\n<p><span style=\"font-family: helvetica; font-size: 18px;\">Wir versichern Dich bei Sportunf\u00e4llen mit dem Fahrrad sowie in Deiner Freizeit, organisieren Ausfahrten bei RTF&#8217;s, MTB-Touren durch den Essener S\u00fcden und bieten weitere Freizeitangebote wie z. B. Wanderungen, Ausfl\u00fcge oder Vereinsabende.<\/span><\/p>\n<p><span style=\"font-family: helvetica; font-size: 18px;\">Was kostet der Spa\u00df?<\/span><\/p>\n<p><span style=\"font-family: helvetica; font-size: 18px;\">Einzelmitglieder 9\u20ac (Kids) bzw. 12\u20ac (Erw.) pro Monat<\/span><br \/>\n<span style=\"font-family: helvetica; font-size: 18px;\">Familien 15\u20ac pro Monat; die Beitr\u00e4ge sind bitte im Voraus halbj\u00e4hrlich oder j\u00e4hrlich zu \u00fcberweisen.<br \/>\n<\/span><\/p>\n<p><span style=\"font-family: helvetica; font-size: 18px;\">Hinzu kommt eine einmalige Aufnahmegeb\u00fchr beim BDR in H\u00f6he von 11,80\u20ac (Einzel-) bzw. 23,80\u20ac (Familienmitgliedschaft).<\/span><\/p>\n<p><span style=\"font-family: helvetica; font-size: 18px;\">Also warum nicht dazu geh\u00f6ren?<\/span><\/p>\n<p><span style=\"font-family: helvetica; font-size: 18px;\">&#8230;neugierig geworden oder Fragen zu unserem Verein?<\/span><\/p>\n<p><span style=\"font-family: helvetica; font-size: 18px;\">Dann sende uns eine <strong><a href=\"mailto:otto [dot] klocker [at] web [dot] de?Subject=Kontaktanfrage_Sturmvogel\" target=\"\" rel=\"noopener\" data-wplink-edit=\"true\">E-Mail&nbsp;<\/a><\/strong><\/span><span style=\"font-family: helvetica; font-size: 18px;\">oder erreiche unseren Vorstand Otto Klocker unter 0173- 9197 965<\/span><\/p>\n<p><a href=\"http:\/\/sturmvogel-essen.de\/wp\/wp-content\/uploads\/2025\/01\/RVSE_Anmeldung_2025.pdf\" data-wplink-edit=\"true\"><span style=\"font-family: helvetica; font-size: 18px;\"><strong>Deine Anmeldung<\/strong><\/span><\/a><\/p>\n<p><span style=\"font-family: helvetica; font-size: 18px;\"><strong><a href=\"http:\/\/sturmvogel-essen.de\/wp\/wp-content\/uploads\/2025\/06\/Satzung.pdf\" data-wplink-edit=\"true\">Satzung<\/a><\/strong><\/span><\/p>\n<p><span style=\"font-family: helvetica; font-size: 18px;\"><strong><a href=\"http:\/\/www.arag-sport.de\/de\/leistungstraeger\/versicherungsbueros\/index.shtml\" target=\"new\" rel=\"noopener\">Informationen rund um die &#8222;Sportversicherung&#8220; der ARAG<\/a><\/strong><\/span><\/p>\n","protected":false},"excerpt":{"rendered":"<p>Ja, ich will! Warum einem Verein beitreten? 1. Man lernt neue Freunde kennen 2. Man bleibt fit und gesund! 3. Man lernt mit Druck umzugehen 4. Der sportliche Erfolg 5. Vorteile im Berufsleben 6. zus\u00e4tzlicher Versicherungsschutz &nbsp; Mitglied im Verein werden Hallo Radsportfreunde, einem Verein beitreten&#8230;. was bedeutet das f\u00fcr dich? Erst einmal nicht viel, [&hellip;]<\/p>\n","protected":false},"author":1,"featured_media":0,"parent":102,"menu_order":2,"comment_status":"closed","ping_status":"closed","template":"","meta":{"ngg_post_thumbnail":0,"footnotes":""},"class_list":["post-106","page","type-page","status-publish","hentry"],"_links":{"self":[{"href":"https:\/\/sturmvogel-essen.de\/wp\/start_index.php\/index.php?rest_route=\/wp\/v2\/pages\/106","targetHints":{"allow":["GET"]}}],"collection":[{"href":"https:\/\/sturmvogel-essen.de\/wp\/start_index.php\/index.php?rest_route=\/wp\/v2\/pages"}],"about":[{"href":"https:\/\/sturmvogel-essen.de\/wp\/start_index.php\/index.php?rest_route=\/wp\/v2\/types\/page"}],"author":[{"embeddable":true,"href":"https:\/\/sturmvogel-essen.de\/wp\/start_index.php\/index.php?rest_route=\/wp\/v2\/users\/1"}],"replies":[{"embeddable":true,"href":"https:\/\/sturmvogel-essen.de\/wp\/start_index.php\/index.php?rest_route=%2Fwp%2Fv2%2Fcomments&post=106"}],"version-history":[{"count":29,"href":"https:\/\/sturmvogel-essen.de\/wp\/start_index.php\/index.php?rest_route=\/wp\/v2\/pages\/106\/revisions"}],"predecessor-version":[{"id":2344,"href":"https:\/\/sturmvogel-essen.de\/wp\/start_index.php\/index.php?rest_route=\/wp\/v2\/pages\/106\/revisions\/2344"}],"up":[{"embeddable":true,"href":"https:\/\/sturmvogel-essen.de\/wp\/start_index.php\/index.php?rest_route=\/wp\/v2\/pages\/102"}],"wp:attachment":[{"href":"https:\/\/sturmvogel-essen.de\/wp\/start_index.php\/index.php?rest_route=%2Fwp%2Fv2%2Fmedia&parent=106"}],"curies":[{"name":"wp","href":"https:\/\/api.w.org\/{rel}","templated":true}]}}