{"id":87,"date":"2015-04-02T11:48:14","date_gmt":"2015-04-02T09:48:14","guid":{"rendered":"http:\/\/sturmvogel-essen.de\/wp\/?page_id=87"},"modified":"2026-04-13T20:30:30","modified_gmt":"2026-04-13T18:30:30","slug":"aktuelles","status":"publish","type":"page","link":"http:\/\/sturmvogel-essen.de\/wp\/start_index.php\/","title":{"rendered":""},"content":{"rendered":"\n<div class=\"wp-block-group\"><div class=\"wp-block-group__inner-container is-layout-constrained wp-block-group-is-layout-constrained\">\n<h1 class=\"wp-block-heading\"><span style=\"color: #333333; font-family: helvetica; font-size: 40px;\">Sturmvogel &#8211; mehr als MTB!<\/span><\/h1>\n\n\n\n<h3 class=\"wp-block-heading\"><span style=\"font-family: helvetica;\"><strong><span style=\"font-size: 26px;\">Willkommen bei Sturmvogel Essen, einem Mountainbike-Verein mit Herzblut, Leidenschaft und Engagement. Im Fokus steht bei uns ganz klar das Miteinander. Dabei soll sich die ganze Familie willkommen f\u00fchlen. Wir nehmen jeden auf seinem sportlichen Weg mit, Kinder, Jugendliche und Erwachsene.<\/span><br><\/strong><\/span><\/h3>\n\n\n\n<h4 class=\"wp-block-heading\"><span style=\"font-family: helvetica;\">Du willst bei uns reinschnuppern?<\/span><\/h4>\n\n\n\n<h4 class=\"wp-block-heading\"><span style=\"font-family: helvetica;\">Wir treffen uns immer samstags um 10:30 &#8222;Zornige Ameise&#8220; zu gemeinsamen Trainingsfahrten. Bitte melde dich zuvor via Mail unter folgender Adresse an: <\/span><a href=\"javascript:secureDecryptAndNavigate('sme7Cd495REd66RjSfLDwD1Yn7ff3V43OLVKfHXqijqiQcbEEft94qGdvUXWYSrx\/7FFth5C0ve1WYFh0nouqeMrGFF1Lmc+qs4=', '79d8c432b7bd61f310a687d77c9885bfcad408c9392e631fe3bf1f2af4d1defc')\">trainer [at] sturmvogel-essen [dot] de<\/a><span style=\"font-family: helvetica;\">. Dann k\u00f6nnen wir vorab noch Fragen kl\u00e4ren.<\/span><\/h4>\n\n\n\n<h4 class=\"wp-block-heading\"><span style=\"font-family: helvetica;\">Wir freuen uns auf dich!<\/span><\/h4>\n<\/div><\/div>\n\n\n\n<hr class=\"wp-block-separator has-alpha-channel-opacity\"\/>\n\n\n\n<div class=\"wp-block-group\"><div class=\"wp-block-group__inner-container is-layout-constrained wp-block-group-is-layout-constrained\">\n<h2 class=\"wp-block-heading has-text-align-center\"><img loading=\"lazy\" decoding=\"async\" width=\"150\" height=\"140\" class=\"wp-image-2336\" style=\"width: 150px;\" src=\"http:\/\/sturmvogel-essen.de\/wp\/wp-content\/uploads\/2025\/06\/7903_QS_Ausgezeichnet_f_Kinder-_Jugendsport_4C-Flaeche-final-web.png\" alt=\"\"><\/h2>\n<\/div><\/div>\n\n\n\n<hr class=\"wp-block-separator has-alpha-channel-opacity\"\/>\n\n\n\n<h1 class=\"wp-block-heading has-large-font-size\"><br>Was bei uns gerade so l\u00e4uft&#8230;<\/h1>\n\n\n\n<div style=\"height:50px\" aria-hidden=\"true\" class=\"wp-block-spacer\"><\/div>\n\n\n\n<h2 class=\"wp-block-heading has-large-font-size\"><strong>Aktuelle Infos findet Ihr jetzt zeitnah auf unserem Insta-Account <a href=\"https:\/\/www.instagram.com\/rvse1919?igsh=MTZwenc5dnZ3ejRwMg==\">@RVSE1919<\/a><\/strong><\/h2>\n\n\n\n<p class=\"has-medium-font-size\"><img loading=\"lazy\" decoding=\"async\" width=\"150\" height=\"213\" class=\"wp-image-2394\" style=\"width: 150px;\" src=\"http:\/\/sturmvogel-essen.de\/wp\/wp-content\/uploads\/2025\/08\/insta.png\" alt=\"\" srcset=\"http:\/\/sturmvogel-essen.de\/wp\/wp-content\/uploads\/2025\/08\/insta.png 1220w, http:\/\/sturmvogel-essen.de\/wp\/wp-content\/uploads\/2025\/08\/insta-211x300.png 211w, http:\/\/sturmvogel-essen.de\/wp\/wp-content\/uploads\/2025\/08\/insta-722x1024.png 722w, http:\/\/sturmvogel-essen.de\/wp\/wp-content\/uploads\/2025\/08\/insta-768x1090.png 768w, http:\/\/sturmvogel-essen.de\/wp\/wp-content\/uploads\/2025\/08\/insta-1083x1536.png 1083w, http:\/\/sturmvogel-essen.de\/wp\/wp-content\/uploads\/2025\/08\/insta-848x1203.png 848w\" sizes=\"auto, (max-width: 150px) 100vw, 150px\" \/><\/p>\n\n\n\n<div class=\"wp-block-group\"><div class=\"wp-block-group__inner-container is-layout-constrained wp-block-group-is-layout-constrained\">\n<div class=\"wp-block-group\"><div class=\"wp-block-group__inner-container is-layout-constrained wp-block-group-is-layout-constrained\">\n<div class=\"wp-block-group\"><div class=\"wp-block-group__inner-container is-layout-constrained wp-block-group-is-layout-constrained\">\n<div class=\"wp-block-group\"><div class=\"wp-block-group__inner-container is-layout-constrained wp-block-group-is-layout-constrained\">\n<div class=\"wp-block-group\"><div class=\"wp-block-group__inner-container is-layout-constrained wp-block-group-is-layout-constrained\">\n<div class=\"wp-block-group\"><div class=\"wp-block-group__inner-container is-layout-constrained wp-block-group-is-layout-constrained\">\n<div class=\"wp-block-group\"><div class=\"wp-block-group__inner-container is-layout-constrained wp-block-group-is-layout-constrained\">\n<h2 class=\"wp-block-heading\"><strong>Ehrungen und Dankesch\u00f6n bei der Jahreshauptversammlung<\/strong><\/h2>\n<\/div><\/div>\n<\/div><\/div>\n<\/div><\/div>\n<\/div><\/div>\n<\/div><\/div>\n<\/div><\/div>\n<\/div><\/div>\n\n\n\n<div class=\"wp-block-group\"><div class=\"wp-block-group__inner-container is-layout-constrained wp-block-group-is-layout-constrained\">\n<p class=\"has-medium-font-size\">Bei unserer Jahreshauptversammlung im ehemaligen Leitstand der Kokerei Zollverein hie\u00df es, zwei besonderen Menschen Danke zu sagen. Danke f\u00fcr \u00fcber 30 Jahre au\u00dfergew\u00f6hnliches Engagement, f\u00fcr unerm\u00fcdlichen Einsatz und f\u00fcr eine Zeit, die unseren Verein nachhaltig gepr\u00e4gt hat und zu dem gemacht hat, was er heute ist und wie wir ihn sch\u00e4tzen.<\/p>\n\n\n\n<p class=\"has-medium-font-size\">Ingrid ist seit 1989 im Verein und seitdem auch als Kassiererin ehrenamtlich t\u00e4tig \u2026 seit 37 Jahren! Du hast all die Jahre mit gro\u00dfer Zuverl\u00e4ssigkeit, Sorgfalt und Engagement daf\u00fcr gesorgt, dass unsere Finanzen in besten H\u00e4nden waren.<\/p>\n\n\n\n<p class=\"has-medium-font-size\">Lieber Otto, 1992 bist Du in den Verein eingetreten, drei Jahre sp\u00e4ter zum 2. Vorsitzenden gew\u00e4hlt worden, um dann seit 1998 als 1. Vorsitzender t\u00e4tig zu sein. Drei Jahrzehnte lang hast du im Vorstand die Geschicke unseres Radsportvereins gelenkt. Als Trainer motivierst Du die Mitglieder des Vereins zu neuen sportlichen Leistungen und gibst Deine Erfahrung weiter. Dein pers\u00f6nliches Engagement und Deine Kontinuit\u00e4t waren f\u00fcr unseren Verein von unsch\u00e4tzbarem Wert. Wir freuen uns, Dich als Ehrenpr\u00e4sident weiterhin an unserer Seite zu wissen.<\/p>\n\n\n\n<p class=\"has-medium-font-size\">Mit gr\u00f6\u00dftem Respekt sagen wir Euch beiden \u201eVielen Dank f\u00fcr \u00fcber 30 Jahre Leidenschaft, Verantwortung und Herzblut f\u00fcr den Radsport und den RV Sturmvogel Essen e.V.\u201c<\/p>\n\n\n\n<figure class=\"wp-block-image size-large\"><a href=\"https:\/\/sturmvogel-essen.de\/wp\/wp-content\/uploads\/2026\/03\/Danke-scaled.jpg\"><img loading=\"lazy\" decoding=\"async\" width=\"768\" height=\"1024\" src=\"https:\/\/sturmvogel-essen.de\/wp\/wp-content\/uploads\/2026\/03\/Danke-768x1024.jpg\" alt=\"\" class=\"wp-image-2406\" srcset=\"http:\/\/sturmvogel-essen.de\/wp\/wp-content\/uploads\/2026\/03\/Danke-768x1024.jpg 768w, http:\/\/sturmvogel-essen.de\/wp\/wp-content\/uploads\/2026\/03\/Danke-225x300.jpg 225w, http:\/\/sturmvogel-essen.de\/wp\/wp-content\/uploads\/2026\/03\/Danke-1152x1536.jpg 1152w, http:\/\/sturmvogel-essen.de\/wp\/wp-content\/uploads\/2026\/03\/Danke-1536x2048.jpg 1536w, http:\/\/sturmvogel-essen.de\/wp\/wp-content\/uploads\/2026\/03\/Danke-848x1131.jpg 848w, http:\/\/sturmvogel-essen.de\/wp\/wp-content\/uploads\/2026\/03\/Danke-scaled.jpg 1920w\" sizes=\"auto, (max-width: 768px) 100vw, 768px\" \/><\/a><\/figure>\n<\/div><\/div>\n\n\n\n<div class=\"wp-block-group\"><div class=\"wp-block-group__inner-container is-layout-constrained wp-block-group-is-layout-constrained\">\n<div class=\"wp-block-group\"><div class=\"wp-block-group__inner-container is-layout-constrained wp-block-group-is-layout-constrained\">\n<div class=\"wp-block-group\"><div class=\"wp-block-group__inner-container is-layout-constrained wp-block-group-is-layout-constrained\">\n<div class=\"wp-block-group\"><div class=\"wp-block-group__inner-container is-layout-constrained wp-block-group-is-layout-constrained\">\n<div class=\"wp-block-group\"><div class=\"wp-block-group__inner-container is-layout-constrained wp-block-group-is-layout-constrained\">\n<div class=\"wp-block-group\"><div class=\"wp-block-group__inner-container is-layout-constrained wp-block-group-is-layout-constrained\">\n<div class=\"wp-block-group\"><div class=\"wp-block-group__inner-container is-layout-constrained wp-block-group-is-layout-constrained\">\n<h2 class=\"wp-block-heading\"><strong>Staffelstab\u00fcbergabe und Anerkennung f\u00fcr den RV Sturmvogel Essen in der Villa H\u00fcgel<\/strong><\/h2>\n<\/div><\/div>\n<\/div><\/div>\n<\/div><\/div>\n<\/div><\/div>\n<\/div><\/div>\n<\/div><\/div>\n<\/div><\/div>\n\n\n\n<div class=\"wp-block-group\"><div class=\"wp-block-group__inner-container is-layout-constrained wp-block-group-is-layout-constrained\">\n<p class=\"has-medium-font-size\">Ein arbeitsreiches Jahr liegt hinter uns. In regelm\u00e4\u00dfigen Netzwerk- und Fortbildungsveranstaltungen haben wir uns im Rahmen der Essener Initiative gegen sexualisierte Gewalt im Kinder- und Jugendsport qualifiziert und wichtige Weichen f\u00fcr die Zukunft des Vereins gestellt. Neben einer klaren Haltung gegen jegliche Form von Gewalt oder auch Ausgrenzung im Sportverein, die nun Teil der <a href=\"http:\/\/sturmvogel-essen.de\/wp\/start_index.php\/?page_id=106\">Vereinssatzung <\/a>ist, sind es gerade die nun etablierten Pr\u00e4ventionsstrukturen durch das entwickelte <a href=\"http:\/\/sturmvogel-essen.de\/wp\/wp-content\/uploads\/2024\/12\/Schutzkonzept_2024.pdf\">Schutzkonzept<\/a>, die den Verein stark gegen m\u00f6gliche \u00dcbergriffe machen und den Kern beibehalten: n\u00e4mlich ein breitensportlicher Verein mit famili\u00e4ren, freundschaftlichen Strukturen, bei dem sich alle wohlf\u00fchlen und auf ihrem sportlichen Weg mitgenommen werden. Ein gro\u00dfer Fokus bleibt dabei bei den Kindern und Jugendlichen, die in der Vereinsarbeit, wie im gelebten Schutzkonzept einbezogen werden. Der Vorstand dankt in erster Linie den <a href=\"http:\/\/sturmvogel-essen.de\/wp\/start_index.php\/?page_id=2264\">PSG-Beauftragten<\/a> Silke Klocker und Ina Mering, die sich ehrenamtlich im Verein als Ansprechpartnerinnen zur Verf\u00fcgung stellen und dieses wichtige Amt ausf\u00fcllen werden. Ebenfalls danken m\u00f6chte der Vorstand der Alfried Krupp von Bohlen und Halbach-Stiftung und dem Essener Sportbund f\u00fcr die F\u00f6rderung und M\u00f6glichkeit der Teilnahme an dieser Initiative. Die <a href=\"http:\/\/sturmvogel-essen.de\/wp\/wp-content\/uploads\/2025\/06\/urkunde-psg-2.pdf\">Urkunde<\/a> wurde uns feierlich in der Villa H\u00fcgel am 27. Mai 2025 \u00fcberreicht. Hierbei haben wir uns geehrt gef\u00fchlt, den Staffelstab an die n\u00e4chsten Vereine weiterreichen zu d\u00fcrfen und w\u00fcnschen diesen ebenfalls viel Erfolg.<\/p>\n\n\n\n<figure class=\"wp-block-image size-large\"><a href=\"http:\/\/sturmvogel-essen.de\/wp\/wp-content\/uploads\/2025\/06\/Urkundenuebergabe.jpg\"><img loading=\"lazy\" decoding=\"async\" width=\"1024\" height=\"768\" src=\"http:\/\/sturmvogel-essen.de\/wp\/wp-content\/uploads\/2025\/06\/Urkundenuebergabe-1024x768.jpg\" alt=\"\" class=\"wp-image-2324\" srcset=\"http:\/\/sturmvogel-essen.de\/wp\/wp-content\/uploads\/2025\/06\/Urkundenuebergabe-1024x768.jpg 1024w, http:\/\/sturmvogel-essen.de\/wp\/wp-content\/uploads\/2025\/06\/Urkundenuebergabe-300x225.jpg 300w, http:\/\/sturmvogel-essen.de\/wp\/wp-content\/uploads\/2025\/06\/Urkundenuebergabe-768x576.jpg 768w, http:\/\/sturmvogel-essen.de\/wp\/wp-content\/uploads\/2025\/06\/Urkundenuebergabe-1536x1152.jpg 1536w, http:\/\/sturmvogel-essen.de\/wp\/wp-content\/uploads\/2025\/06\/Urkundenuebergabe-848x636.jpg 848w, http:\/\/sturmvogel-essen.de\/wp\/wp-content\/uploads\/2025\/06\/Urkundenuebergabe.jpg 2016w\" sizes=\"auto, (max-width: 1024px) 100vw, 1024px\" \/><\/a><\/figure>\n<\/div><\/div>\n\n\n\n<div style=\"height:50px\" aria-hidden=\"true\" class=\"wp-block-spacer\"><\/div>\n\n\n\n<h2 class=\"wp-block-heading has-large-font-size\"><strong>Ausgezeichnete Kinder- und Jugendarbeit beim RV Sturmvogel Essen e.V.<\/strong><\/h2>\n\n\n\n<p class=\"has-medium-font-size\">Die Sturmv\u00f6gel haben das das <a href=\"http:\/\/sturmvogel-essen.de\/wp\/wp-content\/uploads\/2025\/06\/Qualitaetssiegel-1.pdf\">Jugend-Qualit\u00e4tssiegel <\/a>der Sportjugend des Landessportbunds NRW erhalten. Um das Siegel zu erhalten m\u00fcssen verschiedene Kriterien erf\u00fcllt werden, wie z.B. regelm\u00e4\u00dfige Sportangebote f\u00fcr Jugendliche, Kooperationen mit Schulen und \/ oder Kinderg\u00e4rten, ein Schutzkonzept f\u00fcr Kinder und Jugendliche und eine eigene Jugendordnung. Hinzu kommen weitere Angebote wie Ferienfreizeiten oder Ausfl\u00fcge, bei denen die Kinder und Jugendlichen das Vereinsleben aktiv mitgestalten und mitbestimmen k\u00f6nnen. Ausf\u00fchrliche Informationen zum <strong>Qualit\u00e4tssiegel Kinder- und Jugendsport<\/strong> der Sportjugend NRW findet ihr <a href=\"https:\/\/www.sportjugend.nrw\/unsere-themen\/qualitaetssiegel-kiju\" target=\"_blank\" rel=\"noreferrer noopener\">hier<\/a>. Ein Dank gilt dabei auch der <a href=\"https:\/\/www.radsportjugend-nrw.de\">Radsportjugend NRW<\/a>, die uns \u00fcber das Vereinsentwicklungsprojekt \u201eZeig Dein Profil!\u201c in den letzten Jahren unterst\u00fctzt und wertvolle Ideen mitgegeben haben.<\/p>\n\n\n\n<figure class=\"wp-block-image size-full\"><a href=\"http:\/\/sturmvogel-essen.de\/wp\/wp-content\/uploads\/2025\/06\/7903_QS_Ausgezeichnet_f_Kinder-_Jugendsport_4C-Flaeche-final-web.png\"><img loading=\"lazy\" decoding=\"async\" width=\"237\" height=\"221\" src=\"http:\/\/sturmvogel-essen.de\/wp\/wp-content\/uploads\/2025\/06\/7903_QS_Ausgezeichnet_f_Kinder-_Jugendsport_4C-Flaeche-final-web.png\" alt=\"\" class=\"wp-image-2336\"\/><\/a><\/figure>\n\n\n\n<div style=\"height:50px\" aria-hidden=\"true\" class=\"wp-block-spacer\"><\/div>\n\n\n\n<h2 class=\"wp-block-heading has-large-font-size\"><strong>Erste Rennen absolviert<\/strong><\/h2>\n\n\n\n<p class=\"has-medium-font-size\">Der Sturmvogel-Nachwuchs hat sich bei seinen ersten Rennen bew\u00e4hrt. Angefangen hat es schon im Januar bei der Bocholter Stadtmeisterschaft, wo Bruno und Lejf gestartet sind. Weiter ging es dann bei unseren Freunden vom MSV Steele im Mai, die bei Sonnenschein wieder einen sch\u00f6nen Renntag in der unserer Nachbarschaft veranstaltet haben. Aber damit nicht genug f\u00fcr Bruno, der auch die weiteren Wege ins Sauerland zum VPACE Kids Cup Downhillrennen in Willingen und Winterberg nicht scheut \u2013 stark! Macht weiter so.<\/p>\n\n\n\n<p class=\"has-medium-font-size\">Bei den Erwachsenen ist unser Trainer Oliver beim SKS Marathon in Sundern gestartet und hat ebenfalls sein pers\u00f6nliches Ziel erreicht: vor seinem Bruder \u00fcber die Ziellinie zu kommen. Dabei sein ist einfach alles :o)<\/p>\n\n\n\n<figure class=\"wp-block-image size-large\"><a href=\"http:\/\/sturmvogel-essen.de\/wp\/wp-content\/uploads\/2025\/06\/Rennen.jpg\"><img loading=\"lazy\" decoding=\"async\" width=\"1024\" height=\"554\" src=\"http:\/\/sturmvogel-essen.de\/wp\/wp-content\/uploads\/2025\/06\/Rennen-1024x554.jpg\" alt=\"\" class=\"wp-image-2326\" srcset=\"http:\/\/sturmvogel-essen.de\/wp\/wp-content\/uploads\/2025\/06\/Rennen-1024x554.jpg 1024w, http:\/\/sturmvogel-essen.de\/wp\/wp-content\/uploads\/2025\/06\/Rennen-300x162.jpg 300w, http:\/\/sturmvogel-essen.de\/wp\/wp-content\/uploads\/2025\/06\/Rennen-768x415.jpg 768w, http:\/\/sturmvogel-essen.de\/wp\/wp-content\/uploads\/2025\/06\/Rennen-1536x831.jpg 1536w, http:\/\/sturmvogel-essen.de\/wp\/wp-content\/uploads\/2025\/06\/Rennen-848x459.jpg 848w, http:\/\/sturmvogel-essen.de\/wp\/wp-content\/uploads\/2025\/06\/Rennen.jpg 1867w\" sizes=\"auto, (max-width: 1024px) 100vw, 1024px\" \/><\/a><\/figure>\n\n\n\n<div style=\"height:50px\" aria-hidden=\"true\" class=\"wp-block-spacer\"><\/div>\n\n\n\n<h2 class=\"wp-block-heading has-large-font-size\"><strong>Sturmv\u00f6gel starten in die CTF\/RTF Saison<\/strong><\/h2>\n\n\n\n<p class=\"has-text-align-left has-medium-font-size\">Sonnenschein, aber niedrige Temperaturen um den Gefrierpunkt begr\u00fc\u00dften die ersten Sturmv\u00f6gel bei der Westfalen Winter Bike Trophy in Witten und Unna Anfang Februar zum Start in die diesj\u00e4hrige CTF\/RTF Saison. Aber auch die Veranstaltung vom RSC Schwalmtal im M\u00e4rz war wieder ein gelungener Auftakt f\u00fcr Gro\u00df und Klein, dieses Jahr ordentlich Kilometer zu sammeln.<\/p>\n\n\n\n<figure class=\"wp-block-image size-large\"><a href=\"http:\/\/sturmvogel-essen.de\/wp\/wp-content\/uploads\/2025\/06\/CTF-RTF.jpg\"><img loading=\"lazy\" decoding=\"async\" width=\"1024\" height=\"526\" src=\"http:\/\/sturmvogel-essen.de\/wp\/wp-content\/uploads\/2025\/06\/CTF-RTF-1024x526.jpg\" alt=\"\" class=\"wp-image-2327\" srcset=\"http:\/\/sturmvogel-essen.de\/wp\/wp-content\/uploads\/2025\/06\/CTF-RTF-1024x526.jpg 1024w, http:\/\/sturmvogel-essen.de\/wp\/wp-content\/uploads\/2025\/06\/CTF-RTF-300x154.jpg 300w, http:\/\/sturmvogel-essen.de\/wp\/wp-content\/uploads\/2025\/06\/CTF-RTF-768x394.jpg 768w, http:\/\/sturmvogel-essen.de\/wp\/wp-content\/uploads\/2025\/06\/CTF-RTF-1536x789.jpg 1536w, http:\/\/sturmvogel-essen.de\/wp\/wp-content\/uploads\/2025\/06\/CTF-RTF-848x435.jpg 848w, http:\/\/sturmvogel-essen.de\/wp\/wp-content\/uploads\/2025\/06\/CTF-RTF.jpg 1737w\" sizes=\"auto, (max-width: 1024px) 100vw, 1024px\" \/><\/a><\/figure>\n","protected":false},"excerpt":{"rendered":"<p>Sturmvogel &#8211; mehr als MTB! Willkommen bei Sturmvogel Essen, einem Mountainbike-Verein mit Herzblut, Leidenschaft und Engagement. Im Fokus steht bei uns ganz klar das Miteinander. Dabei soll sich die ganze Familie willkommen f\u00fchlen. Wir nehmen jeden auf seinem sportlichen Weg mit, Kinder, Jugendliche und Erwachsene. Du willst bei uns reinschnuppern? Wir treffen uns immer samstags [&hellip;]<\/p>\n","protected":false},"author":1,"featured_media":0,"parent":0,"menu_order":0,"comment_status":"closed","ping_status":"closed","template":"","meta":{"ngg_post_thumbnail":0,"footnotes":""},"class_list":["post-87","page","type-page","status-publish","hentry"],"_links":{"self":[{"href":"http:\/\/sturmvogel-essen.de\/wp\/start_index.php\/index.php?rest_route=\/wp\/v2\/pages\/87","targetHints":{"allow":["GET"]}}],"collection":[{"href":"http:\/\/sturmvogel-essen.de\/wp\/start_index.php\/index.php?rest_route=\/wp\/v2\/pages"}],"about":[{"href":"http:\/\/sturmvogel-essen.de\/wp\/start_index.php\/index.php?rest_route=\/wp\/v2\/types\/page"}],"author":[{"embeddable":true,"href":"http:\/\/sturmvogel-essen.de\/wp\/start_index.php\/index.php?rest_route=\/wp\/v2\/users\/1"}],"replies":[{"embeddable":true,"href":"http:\/\/sturmvogel-essen.de\/wp\/start_index.php\/index.php?rest_route=%2Fwp%2Fv2%2Fcomments&post=87"}],"version-history":[{"count":540,"href":"http:\/\/sturmvogel-essen.de\/wp\/start_index.php\/index.php?rest_route=\/wp\/v2\/pages\/87\/revisions"}],"predecessor-version":[{"id":2410,"href":"http:\/\/sturmvogel-essen.de\/wp\/start_index.php\/index.php?rest_route=\/wp\/v2\/pages\/87\/revisions\/2410"}],"wp:attachment":[{"href":"http:\/\/sturmvogel-essen.de\/wp\/start_index.php\/index.php?rest_route=%2Fwp%2Fv2%2Fmedia&parent=87"}],"curies":[{"name":"wp","href":"https:\/\/api.w.org\/{rel}","templated":true}]}}