{"id":81,"date":"2015-04-02T11:38:19","date_gmt":"2015-04-02T09:38:19","guid":{"rendered":"http:\/\/sturmvogel-essen.de\/wp\/?page_id=81"},"modified":"2022-02-11T13:08:33","modified_gmt":"2022-02-11T12:08:33","slug":"seite3","status":"publish","type":"page","link":"http:\/\/sturmvogel-essen.de\/wp\/start_index.php\/?page_id=81","title":{"rendered":"Radsportveranstaltungen"},"content":{"rendered":"<h6>Liebe Radsportfreunde,<\/h6>\n<h6>hier eine \u00dcbersicht zu den m\u00f6glichen Renn- und CTF-Terminen in 2022, WO die Sturmv\u00f6gel dabei sein wollen &#8230; \u00e4nderungen durch covid vorbehalten:<\/h6>\n<p>&nbsp;<\/p>\n<h4><strong>Renntermine*<\/strong><\/h4>\n<table>\n<tbody>\n<tr>\n<td width=\"141\"><em>&#8230;f\u00fcr 2022 &#8230;.<del><br \/>\n<\/del><\/em><\/td>\n<td width=\"463\">&#8230;. aktuell noch keine Termine vorhanden &#8230;.<del><span style=\"color: #000000;\"><br \/>\n<\/span><\/del><\/td>\n<\/tr>\n<tr>\n<td width=\"141\"><\/td>\n<td width=\"463\"><del>\u00a0<\/del><\/td>\n<\/tr>\n<tr>\n<td width=\"141\"><\/td>\n<td width=\"463\"><\/td>\n<\/tr>\n<\/tbody>\n<\/table>\n<p>* Anmeldung \u00fcber Time&amp;Voice: <a href=\"https:\/\/www.time-and-voice.com\/mtb\/2022\">https:\/\/www.time-and-voice.com\/mtb\/2022<\/a><\/p>\n<p>&nbsp;<\/p>\n<h4><strong>CTF Termine 2022<\/strong><\/h4>\n<table>\n<tbody>\n<tr>\n<td width=\"141\"><del>5.3.2022<\/del> -&gt; <em>neuer Termin 23.4.2022<\/em><del><br \/>\n<\/del><\/td>\n<td width=\"463\"><a href=\"https:\/\/rsb-duesseldorf.jimdofree.com\/bezirks-ctf\/05-03-2022\/\">D&#8217;dorf \/ Nievenheim<\/a><del><\/del><\/td>\n<\/tr>\n<tr>\n<td width=\"141\">6.3.2022<\/td>\n<td width=\"463\"><a href=\"https:\/\/rsc1922.de\/aktuelles\/\">Dinslaken<\/a><del><\/del><\/td>\n<\/tr>\n<tr>\n<td width=\"141\">20.3.2022<\/td>\n<td width=\"463\"><a href=\"https:\/\/www.rsg-herne.de\/newpage\">Emscherbike Herne<\/a><\/td>\n<\/tr>\n<tr>\n<td width=\"141\">20.08.2022<\/td>\n<td width=\"463\"><a href=\"https:\/\/www.radsport-grafschaft.de\/bike-marathon\/\">SKS Sauerland Marathon<\/a><del><\/del><\/td>\n<\/tr>\n<tr>\n<td width=\"141\"><span style=\"color: #ff0000;\">17.9.2022<\/span><\/td>\n<td width=\"463\"><span style=\"color: #ff0000;\">Sturmvogel Essen<\/span><\/td>\n<\/tr>\n<\/tbody>\n<\/table>\n<p><a href=\"https:\/\/radsportverband-nrw.de\/breitensport\/nrw-ctf-cup\/veranstaltungen\/\">https:\/\/radsportverband-nrw.de\/breitensport\/nrw-ctf-cup\/veranstaltungen\/<\/a><\/p>\n","protected":false},"excerpt":{"rendered":"<p>Liebe Radsportfreunde, hier eine \u00dcbersicht zu den m\u00f6glichen Renn- und CTF-Terminen in 2022, WO die Sturmv\u00f6gel dabei sein wollen &#8230; \u00e4nderungen durch covid vorbehalten: &nbsp; Renntermine* &#8230;f\u00fcr 2022 &#8230;. &#8230;. aktuell noch keine Termine vorhanden &#8230;. \u00a0 * Anmeldung \u00fcber Time&amp;Voice: https:\/\/www.time-and-voice.com\/mtb\/2022 &nbsp; CTF Termine 2022 5.3.2022 -&gt; neuer Termin 23.4.2022 D&#8217;dorf \/ Nievenheim 6.3.2022 [&hellip;]<\/p>\n","protected":false},"author":1,"featured_media":0,"parent":0,"menu_order":3,"comment_status":"closed","ping_status":"closed","template":"","meta":{"ngg_post_thumbnail":0,"footnotes":""},"class_list":["post-81","page","type-page","status-publish","hentry"],"_links":{"self":[{"href":"http:\/\/sturmvogel-essen.de\/wp\/start_index.php\/index.php?rest_route=\/wp\/v2\/pages\/81","targetHints":{"allow":["GET"]}}],"collection":[{"href":"http:\/\/sturmvogel-essen.de\/wp\/start_index.php\/index.php?rest_route=\/wp\/v2\/pages"}],"about":[{"href":"http:\/\/sturmvogel-essen.de\/wp\/start_index.php\/index.php?rest_route=\/wp\/v2\/types\/page"}],"author":[{"embeddable":true,"href":"http:\/\/sturmvogel-essen.de\/wp\/start_index.php\/index.php?rest_route=\/wp\/v2\/users\/1"}],"replies":[{"embeddable":true,"href":"http:\/\/sturmvogel-essen.de\/wp\/start_index.php\/index.php?rest_route=%2Fwp%2Fv2%2Fcomments&post=81"}],"version-history":[{"count":50,"href":"http:\/\/sturmvogel-essen.de\/wp\/start_index.php\/index.php?rest_route=\/wp\/v2\/pages\/81\/revisions"}],"predecessor-version":[{"id":1960,"href":"http:\/\/sturmvogel-essen.de\/wp\/start_index.php\/index.php?rest_route=\/wp\/v2\/pages\/81\/revisions\/1960"}],"wp:attachment":[{"href":"http:\/\/sturmvogel-essen.de\/wp\/start_index.php\/index.php?rest_route=%2Fwp%2Fv2%2Fmedia&parent=81"}],"curies":[{"name":"wp","href":"https:\/\/api.w.org\/{rel}","templated":true}]}}