{"id":237,"date":"2015-04-07T12:37:39","date_gmt":"2015-04-07T10:37:39","guid":{"rendered":"http:\/\/sturmvogel-essen.de\/wp\/?page_id=237"},"modified":"2023-08-24T13:27:01","modified_gmt":"2023-08-24T11:27:01","slug":"ohne-fahrrad","status":"publish","type":"page","link":"http:\/\/sturmvogel-essen.de\/wp\/start_index.php\/?page_id=237","title":{"rendered":"Ohne Fahrrad"},"content":{"rendered":"<h5><span style=\"font-family: helvetica; color: #000000;\"><span style=\"font-size: large;\"><span style=\"font-size: 28px;\">Ohne Fahrrad unterwegs<\/span><\/p>\n<p><span style=\"font-size: 24px;\"><strong><span style=\"font-family: helvetica;\">Teambuilding in Brilon<\/span><\/strong><\/span><\/p>\n<p><span style=\"font-size: 18px; font-family: helvetica;\">Unter dem Motto <strong><em>Teambuilding <\/em><\/strong>&nbsp;haben wir ein verl\u00e4ngertes Wochenende in der Jugendherberge Brilon verbracht. Von Donnerstagnachmittag bis Sonntagmittag erarbeiteten wir mit unserem Teamleader Phil (Sportlehrer am Gymnasium in Bochum) einige Teambuilding-Ma\u00dfnahmen, sowohl im theoretischen als auch im praktischen Unterricht.<\/span><\/p>\n<p><span style=\"font-size: 18px; font-family: helvetica;\">Im theoretischen Teil ging es um:<\/span><\/p>\n<p><span style=\"font-size: 18px; font-family: helvetica;\">Wie kann Missstimmung im Team entstehen? <\/span><span style=\"font-size: 18px; font-family: helvetica;\">Wie k\u00f6nnen Konflikte vermieden werden und wie k\u00f6nnen wir zu einer L\u00f6sung kommen?<\/span><\/p>\n<p><span style=\"font-size: 18px; font-family: helvetica;\">Gerade in einem Verein mit Kindern und Jugendlichen mit gro\u00dfen Altersspannen (von 6 bis 13 Jahren) <\/span><span style=\"font-size: 18px; font-family: helvetica;\">ist Teambuilding besonders wichtig.<\/span><\/p>\n<p><span style=\"font-size: 18px; font-family: helvetica;\">Spannend und hochdramatisch wurde es f\u00fcr die Kids und Trainer vor allem im praktischen Teil mit allerhand \u00dcbungen. <\/span><span style=\"font-size: 18px; font-family: helvetica;\">Die Vertrauens\u00fcbungen begannen mit relativ einfachen \u00dcbungen, jedoch steigerten sie sich von Aktion zu Aktion.<\/span><\/p>\n<p><a href=\"http:\/\/sturmvogel-essen.de\/wp\/wp-content\/uploads\/2023\/08\/20230520_203559.jpg\"><img loading=\"lazy\" decoding=\"async\" class=\"alignnone size-medium wp-image-2159\" src=\"http:\/\/sturmvogel-essen.de\/wp\/wp-content\/uploads\/2023\/08\/20230520_203559-300x295.jpg\" alt=\"\" width=\"300\" height=\"295\" srcset=\"http:\/\/sturmvogel-essen.de\/wp\/wp-content\/uploads\/2023\/08\/20230520_203559-300x295.jpg 300w, http:\/\/sturmvogel-essen.de\/wp\/wp-content\/uploads\/2023\/08\/20230520_203559.jpg 305w\" sizes=\"auto, (max-width: 300px) 100vw, 300px\" \/><\/a><a href=\"http:\/\/sturmvogel-essen.de\/wp\/wp-content\/uploads\/2023\/08\/IMG_6067.jpg\"><img loading=\"lazy\" decoding=\"async\" class=\"alignnone size-medium wp-image-2160\" src=\"http:\/\/sturmvogel-essen.de\/wp\/wp-content\/uploads\/2023\/08\/IMG_6067-300x295.jpg\" alt=\"\" width=\"300\" height=\"295\" srcset=\"http:\/\/sturmvogel-essen.de\/wp\/wp-content\/uploads\/2023\/08\/IMG_6067-300x295.jpg 300w, http:\/\/sturmvogel-essen.de\/wp\/wp-content\/uploads\/2023\/08\/IMG_6067.jpg 305w\" sizes=\"auto, (max-width: 300px) 100vw, 300px\" \/><\/a><a href=\"http:\/\/sturmvogel-essen.de\/wp\/wp-content\/uploads\/2023\/08\/IMG_6186.jpg\"><img loading=\"lazy\" decoding=\"async\" class=\"alignnone size-medium wp-image-2162\" src=\"http:\/\/sturmvogel-essen.de\/wp\/wp-content\/uploads\/2023\/08\/IMG_6186-300x295.jpg\" alt=\"\" width=\"300\" height=\"295\" srcset=\"http:\/\/sturmvogel-essen.de\/wp\/wp-content\/uploads\/2023\/08\/IMG_6186-300x295.jpg 300w, http:\/\/sturmvogel-essen.de\/wp\/wp-content\/uploads\/2023\/08\/IMG_6186.jpg 305w\" sizes=\"auto, (max-width: 300px) 100vw, 300px\" \/><\/a><a href=\"http:\/\/sturmvogel-essen.de\/wp\/wp-content\/uploads\/2023\/08\/IMG_6103.jpg\"><img loading=\"lazy\" decoding=\"async\" class=\"alignnone size-medium wp-image-2161\" src=\"http:\/\/sturmvogel-essen.de\/wp\/wp-content\/uploads\/2023\/08\/IMG_6103-300x295.jpg\" alt=\"\" width=\"300\" height=\"295\" srcset=\"http:\/\/sturmvogel-essen.de\/wp\/wp-content\/uploads\/2023\/08\/IMG_6103-300x295.jpg 300w, http:\/\/sturmvogel-essen.de\/wp\/wp-content\/uploads\/2023\/08\/IMG_6103.jpg 305w\" sizes=\"auto, (max-width: 300px) 100vw, 300px\" \/><\/a><\/p>\n<p><span style=\"font-size: 18px; font-family: helvetica;\">Hier mal ein Eindruck und vielleicht etwas f\u00fcr alle die es selbst ausprobieren m\u00f6chten:<\/span><\/p>\n<p><span style=\"font-size: 18px; font-family: helvetica;\">Ein Kind legte sich auf den Boden und wurde von den beiden anderen Kindern aufgerichtet. Dabei wurde an der Schulter bzw. am oberen R\u00fccken angefasst. Das Kind, welches aufgerichtet wurde musste dabei seinen kompletten K\u00f6rper anspannen. Ziel der \u00dcbung ist es zum einen ein grundlegendes Vertrauen in die Partner aber auch zu seinem eigenen K\u00f6rper aufzubauen\/zu schulen.<\/span><\/p>\n<p><span style=\"font-size: 18px; font-family: helvetica;\">Steigerung:&nbsp;<\/span><\/p>\n<p><span style=\"font-size: 18px; font-family: helvetica;\">Jetzt wurde ein Kind auf dem Boden liegend von allen anderen Gruppenmitgliedern angehoben, m\u00f6glichst \u00fcber Kopfh\u00f6he der Tragenden. Hier braucht die Person wieder eine gute K\u00f6rperspannung und sicherlich das bisher h\u00f6chste Vertrauen in die anderen Teammitglieder. Hier sollten mind. zwei Erwachsene pro Gruppe Hilfestellung geben.<\/span><\/p>\n<p><span style=\"font-size: 18px; font-family: helvetica;\">H\u00f6hepunkt des Vertrauenspiels:<\/span><\/p>\n<p><span style=\"font-size: 18px; font-family: helvetica;\">Hier l\u00e4sst sich ein Kind von einer Erh\u00f6hung (bei uns aus ca. 2 m H\u00f6he) <strong>r\u00fcckw\u00e4rts<\/strong> in die Arme der anderen Teammitglieder fallen. Dies stellte die Kinder sicherlich unter eine maximale Anspannung und vor eine gro\u00dfe Herausforderung hinsichtlich des Vertrauens den anderen gegen\u00fcber. Je nach K\u00f6rpergewicht der Kinder sollten die Erwachsenen mithelfen.<\/span><\/p>\n<p><span style=\"font-size: 18px; font-family: helvetica;\">Spinnennetz:<\/span><\/p>\n<p><span style=\"font-size: 18px; font-family: helvetica;\">Die Kinder m\u00fcssen mit gegenseitiger Hilfe versuchen durch ein Spinnennetz (Spielplatznetz) zu kommen. Hierbei darf das Netz nicht ber\u00fchrt werden. Neben den Spannungs- und Vertrauenselementen aus den vorherigen Aktionen ist hier auch eine \u201eTeamtaktik\u201c und Kommunikation angebracht.<\/span><\/p>\n<p><a href=\"http:\/\/sturmvogel-essen.de\/wp\/wp-content\/uploads\/2023\/08\/IMG_6400.jpg\"><img loading=\"lazy\" decoding=\"async\" class=\"alignnone size-full wp-image-2166\" src=\"http:\/\/sturmvogel-essen.de\/wp\/wp-content\/uploads\/2023\/08\/IMG_6400.jpg\" alt=\"\" width=\"300\" height=\"300\" srcset=\"http:\/\/sturmvogel-essen.de\/wp\/wp-content\/uploads\/2023\/08\/IMG_6400.jpg 300w, http:\/\/sturmvogel-essen.de\/wp\/wp-content\/uploads\/2023\/08\/IMG_6400-150x150.jpg 150w\" sizes=\"auto, (max-width: 300px) 100vw, 300px\" \/><\/a><\/p>\n<p><span style=\"font-size: 18px; font-family: helvetica;\">Gruppenspiel: Wetten, dass\u2026!<\/span><\/p>\n<p><span style=\"font-size: 18px; font-family: helvetica;\">Hierbei bekamen die Kinder Aufgaben gestellt, die nur gemeinsam gel\u00f6st\/bearbeitet werden konnten.<\/span><\/p>\n<p><span style=\"font-size: 18px; font-family: helvetica;\">Z.B.: Wetten, dass\u2026ihr es nicht schafft innerhalb von 5 Minuten genau 12 Dinge zu besorgen die mit dem Buchstaben \u201eT\u201c anfangen!<\/span><\/p>\n<p><span style=\"font-size: 18px; font-family: helvetica;\">Wetten, dass\u2026ihr es nicht schafft euch innerhalb von 4 Minuten dem Alter nach aufzustellen.<\/span><\/p>\n<p><span style=\"font-size: 18px; font-family: helvetica;\">Gruppenaktion: Fluss\u00fcberquerung<\/span><\/p>\n<p><span style=\"font-size: 18px; font-family: helvetica;\">Hierbei sollten die Kinder einen imagin\u00e4ren Fluss \u00fcberqueren. Hierzu hatten die Kinder magische Holzbrettchen zur Verf\u00fcgung, die einen jedoch nur tragen, wenn man diese ber\u00fchrt. Der Fluss ist etwa 10 Meter breit und es gab genauso viele Brettchen wie Kinder. Wenn ein Brettchen einfach so \u201eaufs Wasser geworfen\u201c wurde, ging es in einer Sekunde unter (es wurde aus dem Spiel genommen). Gegenseitige Hilfestellungen, Teamgeist, Kommunikation waren hier besonders gefragt.<\/span><\/p>\n<p><span style=\"font-size: 18px; font-family: helvetica;\">Die vier Tage in der Jugendherberge Brilon waren anstrengend f\u00fcr Kids und Trainer, aber von Erfolg gekr\u00f6nt.<\/span><\/p>\n<p><span style=\"font-size: 18px; font-family: helvetica;\">Auch die Verpflegung in der JH war sehr gut und die Kids standen schon vor der offiziellen Essensausgabe am Buffet.<\/span><\/p>\n<p><span style=\"font-size: 18px; font-family: helvetica;\">Alle w\u00fcnschen eine Wiederholung im n\u00e4chsten Jahr (nat\u00fcrlich mit Unterst\u00fctzung von KJFP Mitteln). Einen herzlichen Dank daf\u00fcr!<\/span><\/p>\n","protected":false},"excerpt":{"rendered":"<p>Ohne Fahrrad unterwegs Teambuilding in Brilon Unter dem Motto Teambuilding &nbsp;haben wir ein verl\u00e4ngertes Wochenende in der Jugendherberge Brilon verbracht. Von Donnerstagnachmittag bis Sonntagmittag erarbeiteten wir mit unserem Teamleader Phil (Sportlehrer am Gymnasium in Bochum) einige Teambuilding-Ma\u00dfnahmen, sowohl im theoretischen als auch im praktischen Unterricht. Im theoretischen Teil ging es um: Wie kann Missstimmung im [&hellip;]<\/p>\n","protected":false},"author":1,"featured_media":0,"parent":93,"menu_order":4,"comment_status":"closed","ping_status":"closed","template":"","meta":{"ngg_post_thumbnail":0,"footnotes":""},"class_list":["post-237","page","type-page","status-publish","hentry"],"_links":{"self":[{"href":"http:\/\/sturmvogel-essen.de\/wp\/start_index.php\/index.php?rest_route=\/wp\/v2\/pages\/237","targetHints":{"allow":["GET"]}}],"collection":[{"href":"http:\/\/sturmvogel-essen.de\/wp\/start_index.php\/index.php?rest_route=\/wp\/v2\/pages"}],"about":[{"href":"http:\/\/sturmvogel-essen.de\/wp\/start_index.php\/index.php?rest_route=\/wp\/v2\/types\/page"}],"author":[{"embeddable":true,"href":"http:\/\/sturmvogel-essen.de\/wp\/start_index.php\/index.php?rest_route=\/wp\/v2\/users\/1"}],"replies":[{"embeddable":true,"href":"http:\/\/sturmvogel-essen.de\/wp\/start_index.php\/index.php?rest_route=%2Fwp%2Fv2%2Fcomments&post=237"}],"version-history":[{"count":12,"href":"http:\/\/sturmvogel-essen.de\/wp\/start_index.php\/index.php?rest_route=\/wp\/v2\/pages\/237\/revisions"}],"predecessor-version":[{"id":2174,"href":"http:\/\/sturmvogel-essen.de\/wp\/start_index.php\/index.php?rest_route=\/wp\/v2\/pages\/237\/revisions\/2174"}],"up":[{"embeddable":true,"href":"http:\/\/sturmvogel-essen.de\/wp\/start_index.php\/index.php?rest_route=\/wp\/v2\/pages\/93"}],"wp:attachment":[{"href":"http:\/\/sturmvogel-essen.de\/wp\/start_index.php\/index.php?rest_route=%2Fwp%2Fv2%2Fmedia&parent=237"}],"curies":[{"name":"wp","href":"https:\/\/api.w.org\/{rel}","templated":true}]}}